{"id":20288,"date":"2024-10-17T16:03:22","date_gmt":"2024-10-17T13:03:22","guid":{"rendered":"https:\/\/lavkabooks.com\/product\/surrealism-%d1%81%d1%8e%d1%80%d1%80%d0%b5%d0%b0%d0%bb%d1%96%d0%b7%d0%bc-publishing-house-taschen\/"},"modified":"2025-11-14T16:16:32","modified_gmt":"2025-11-14T14:16:32","slug":"surrealism-syurrealizm-publishing-house-taschen","status":"publish","type":"product","link":"https:\/\/lavkabooks.com\/ru\/product\/surrealism-syurrealizm-publishing-house-taschen\/","title":{"rendered":"Surrealism  \/ \u0421\u044e\u0440\u0440\u0435\u0430\u043b\u0456\u0437\u043c,   publishing house Taschen"},"content":{"rendered":"","protected":false},"excerpt":{"rendered":"<p>Unleash the unconscious Provoking the establishment with primal instincts With\u00a0Salvador Dal\u00ed\u00a0as its figurehead, the great ship of Surrealism traversed the turbulent seas of the early 20th century with sails billowing with\u00a0dreams and desires. Inspired by the psychoanalytical practice of Sigmund Freud, the Surrealists championed the\u00a0unconscious as the domain of truth,\u00a0uninhibited by the standards or expectations of society. With techniques ranging from\u00a0hypnotism\u00a0to\u00a0nocturnal walks\u00a0to\u00a0automatic writing, the likes of\u00a0Andr\u00e9 Breton, Max Ernst, Brassa\u00ef,\u00a0and\u00a0Meret Oppenheim\u00a0produced paintings, drawings, texts, and films in which they sought to excavate their most intimate and primal instincts. The results abound with\u00a0sexual fantasies,\u00a0with\u00a0mysterious, menacing creatures, and with the juxtaposition of seemingly contradictory objects or ideas. This book introduces the origins and the sensational legacy of the Surrealist movement, one of the most\u00a0profound and enduring influences on film, theater, literature, art, and thought. Featured artists:\u00a0Hans Arp, Andr\u00e9 Breton, Giorgio de Chirico,\u00a0Salvador Dal\u00ed, Max Ernst, Alberto Giacometti, Paul Klee, Ren\u00e9 Magritte, Andr\u00e9 Masson, Matta, Joan Mir\u00f3, Pablo Picasso, Meret Oppenheim, Yves Tanguy<\/p>\n","protected":false},"featured_media":34586,"comment_status":"open","ping_status":"closed","template":"","meta":{"_acf_changed":false,"inline_featured_image":false},"product_brand":[],"product_cat":[10216],"product_tag":[],"class_list":{"0":"post-20288","1":"product","2":"type-product","3":"status-publish","4":"has-post-thumbnail","6":"product_cat-podarochnye-yzdanyya","8":"first","9":"instock","10":"shipping-taxable","11":"purchasable","12":"product-type-simple"},"acf":[],"_links":{"self":[{"href":"https:\/\/lavkabooks.com\/ru\/wp-json\/wp\/v2\/product\/20288","targetHints":{"allow":["GET"]}}],"collection":[{"href":"https:\/\/lavkabooks.com\/ru\/wp-json\/wp\/v2\/product"}],"about":[{"href":"https:\/\/lavkabooks.com\/ru\/wp-json\/wp\/v2\/types\/product"}],"replies":[{"embeddable":true,"href":"https:\/\/lavkabooks.com\/ru\/wp-json\/wp\/v2\/comments?post=20288"}],"wp:featuredmedia":[{"embeddable":true,"href":"https:\/\/lavkabooks.com\/ru\/wp-json\/wp\/v2\/media\/34586"}],"wp:attachment":[{"href":"https:\/\/lavkabooks.com\/ru\/wp-json\/wp\/v2\/media?parent=20288"}],"wp:term":[{"taxonomy":"product_brand","embeddable":true,"href":"https:\/\/lavkabooks.com\/ru\/wp-json\/wp\/v2\/product_brand?post=20288"},{"taxonomy":"product_cat","embeddable":true,"href":"https:\/\/lavkabooks.com\/ru\/wp-json\/wp\/v2\/product_cat?post=20288"},{"taxonomy":"product_tag","embeddable":true,"href":"https:\/\/lavkabooks.com\/ru\/wp-json\/wp\/v2\/product_tag?post=20288"}],"curies":[{"name":"wp","href":"https:\/\/api.w.org\/{rel}","templated":true}]}}